{"id":3029,"date":"2021-07-30T15:59:19","date_gmt":"2021-07-30T18:59:19","guid":{"rendered":"https:\/\/coopelcar.com.ar\/NewSite\/?page_id=3029"},"modified":"2021-11-15T22:05:51","modified_gmt":"2021-11-16T01:05:51","slug":"ley-n27-637-regimen-de-zona-fria","status":"publish","type":"page","link":"https:\/\/coopelcar.com.ar\/NewSite\/index.php\/gas-2\/ley-n27-637-regimen-de-zona-fria\/","title":{"rendered":"Ley N\u00b027.637 &#8211; R\u00e9gimen de Zona Fr\u00eda"},"content":{"rendered":"<h2>\u00bfQue establece la nueva Ley?<\/h2>\n<ol>\n<li>\u00a0Prorroga el plazo de vigencia de lo establecido en el art\u00edculo 75 de la ley 25.565 hasta el 31 de diciembre de 2031.<br \/>\nEl Articulo N\u00b0 75 Ley 25.565 establece la creaci\u00f3n del Fondo Fiduciario para Subsidios de Consumos Residenciales de Gas, con el objeto de financiar: a) las compensaciones tarifarias para la zona Sur del pa\u00eds y del Departamento Malarg\u00fce de la Provincia de Mendoza, que las distribuidoras o Subdistribuidoras zonales de Gas Natural y Gas Licuado de Petr\u00f3leo de uso domiciliario, deber\u00e1n percibir por la aplicaci\u00f3n de tarifas diferenciales a los consumos residenciales, y b) la venta para uso domiciliario de cilindros, garrafas, o gas licuado de petr\u00f3leo en las Provincias ubicadas en la Regi\u00f3n Patag\u00f3nica y del Departamento Malarg\u00fce de la Provincia de Mendoza.<\/li>\n<li>Ampl\u00eda el beneficio establecido en el punto anterior a la totalidad de las regiones, provincias, departamentos y localidades de las subzonas IIIa, IVa, IVb, IVc, IVd, V y VI del siguiente mapa:<\/li>\n<\/ol>\n<p>&nbsp;<\/p>\n<p><img decoding=\"async\" class=\"size-medium wp-image-3031 aligncenter\" src=\"https:\/\/coopelcar.com.ar\/NewSite\/wp-content\/uploads\/2021\/07\/zonafria-145x300.png\" alt=\"\" width=\"145\" height=\"300\" srcset=\"https:\/\/coopelcar.com.ar\/NewSite\/wp-content\/uploads\/2021\/07\/zonafria-145x300.png 145w, https:\/\/coopelcar.com.ar\/NewSite\/wp-content\/uploads\/2021\/07\/zonafria.png 379w\" sizes=\"(max-width: 145px) 100vw, 145px\" \/><\/p>\n<h2 class=\"western\" lang=\"es-ES\" align=\"justify\"><span style=\"color: #000000;\"><span style=\"font-family: Trebuchet MS, serif;\"><span style=\"font-size: large;\">\u00bf<\/span><\/span><\/span><span style=\"color: #000000;\"><span style=\"font-family: Trebuchet MS, serif;\"><span style=\"font-size: large;\"><u>Cu\u00e1les\u00a0ser\u00e1n los cuadros tarifarios que aplicar\u00e1n a las nuevas Zonas incorporadas en el r\u00e9gimen<\/u><\/span><\/span><\/span><span style=\"color: #000000;\"><span style=\"font-family: Trebuchet MS, serif;\"><span style=\"font-size: large;\">?\u00a0<\/span><\/span><\/span><\/h2>\n<ol>\n<li class=\"western\" lang=\"es-ES\"><span style=\"color: #5a5a5a;\"><span style=\"font-family: Trebuchet MS, serif;\"><span style=\"font-size: medium;\">Usuarios Residenciales y Servicio General &#8220;P&#8221;: Para las nuevas regiones, provincias, departamentos y localidades que se incorporan al nuevo r\u00e9gimen, los cuadros tarifarios diferenciales para los usuarios residenciales del servicio de gas natural\u00a0por redes y gas propano indiluido \u00a0y todos los usuarios del servicio general P de aquellas localidades abastecidas con gas propano indiluido por redes que se apliquen en el marco de este r\u00e9gimen ser\u00e1n equivalentes al setenta por ciento (70%) de los cuadros tarifarios plenos establecidos por el ENARGAS, lo cual significa un cuadro inferior en un 30% del cuadro tarifario pleno aplicable a regiones no subsidiadas.<\/span><\/span><\/span><\/li>\n<li class=\"western\" lang=\"es-ES\">Usuarios con Tarifa Social y Otros: A los usuarios que actualmente se encuentren inscriptos y alcanzados por el r\u00e9gimen de Tarifa Social y aquellos usuarios residenciales que actualmente satisfagan alguno de los criterios de elegibilidad que describe la norma y que seguidamente se identifican, se les aplicar\u00e1 un cuadro tarifario equivalente al cincuenta por ciento (50%) del cuadro tarifario pleno establecido por el ENARGAS:\n<ul>\n<li><span style=\"font-size: medium; font-family: 'Trebuchet MS', serif; color: #5a5a5a;\">Titulares de la Asignaci\u00f3n Universal por Hijo (AUH) y la Asignaci\u00f3n por Embarazo.<\/span><\/li>\n<li class=\"western\" lang=\"es-ES\"><span style=\"color: #5a5a5a;\"><span style=\"font-family: Trebuchet MS, serif;\"><span style=\"font-size: medium;\">Titulares de Pensiones no Contributivas que perciban ingresos mensuales brutos no superiores a cuatro (4) veces el Salario M\u00ednimo Vital y M\u00f3vil.<\/span><\/span><\/span><\/li>\n<li class=\"western\" lang=\"es-ES\"><span style=\"color: #5a5a5a;\"><span style=\"font-family: Trebuchet MS, serif;\"><span style=\"font-size: medium;\">Usuarios y usuarias inscriptas en el R\u00e9gimen de Monotributo Social.<\/span><\/span><\/span><\/li>\n<li class=\"western\" lang=\"es-ES\"><span style=\"color: #5a5a5a;\"><span style=\"font-family: Trebuchet MS, serif;\"><span style=\"font-size: medium;\">Jubilados y jubiladas; pensionadas y pensionados; y trabajadores y trabajadoras en relaci\u00f3n de dependencia que perciban una remuneraci\u00f3n bruta menor o igual a cuatro (4) Salarios M\u00ednimos Vitales y M\u00f3viles.<\/span><\/span><\/span><\/li>\n<li class=\"western\" lang=\"es-ES\"><span style=\"color: #5a5a5a;\"><span style=\"font-family: Trebuchet MS, serif;\"><span style=\"font-size: medium;\">Trabajadores y trabajadoras monotributista inscriptas en una categor\u00eda cuyo ingreso anual mensualizado no supere en cuatro (4) veces el Salario M\u00ednimo Vital y M\u00f3vil.<\/span><\/span><\/span><\/li>\n<li class=\"western\" lang=\"es-ES\"><span style=\"color: #5a5a5a;\"><span style=\"font-family: Trebuchet MS, serif;\"><span style=\"font-size: medium;\">Usuarios y usuarias que perciben seguro de desempleo.<\/span><\/span><\/span><\/li>\n<li class=\"western\" lang=\"es-ES\"><span style=\"color: #5a5a5a;\"><span style=\"font-family: Trebuchet MS, serif;\"><span style=\"font-size: medium;\">Electrodependientes, beneficiarios y beneficiarias de la ley 27.351.<\/span><\/span><\/span><\/li>\n<li class=\"western\" lang=\"es-ES\"><span style=\"color: #5a5a5a;\"><span style=\"font-family: Trebuchet MS, serif;\"><span style=\"font-size: medium;\">Usuarios y usuarias incorporadas en el R\u00e9gimen Especial de Seguridad Social para Empleados de Casas Particulares de la ley 26.844.<\/span><\/span><\/span><\/li>\n<li class=\"western\" lang=\"es-ES\"><span style=\"color: #5a5a5a;\"><span style=\"font-family: Trebuchet MS, serif;\"><span style=\"font-size: medium;\">Exentos en el pago de ABL o tributos locales de igual naturaleza.<\/span><\/span><\/span><\/li>\n<li class=\"western\" lang=\"es-ES\"><span style=\"color: #5a5a5a;\"><span style=\"font-family: Trebuchet MS, serif;\"><span style=\"font-size: medium;\">Titulares de Pensi\u00f3n Vitalicia a Veteranos de Guerra del Atl\u00e1ntico Sur.<\/span><\/span><\/span><\/li>\n<li lang=\"es-ES\"><span style=\"color: #5a5a5a;\"><span style=\"font-family: Trebuchet MS, serif;\"><span style=\"font-size: medium;\">Entidades de bien p\u00fablico, Asociaciones civiles y Comedores Comunitarios: A los consumos que realicen las entidades de bien p\u00fablico, de acuerdo a la ley 27.218, las Asociaciones civiles con ingresos ordinarios anuales menores a la Categor\u00eda &#8220;G&#8221; del R\u00e9gimen del Monotributo y Comedores comunitarios con o sin personer\u00eda jur\u00eddica, reconocidos en su jurisdicci\u00f3n provincial o municipal o que est\u00e9n inscriptos en el Registro Nacional de Comedores y Merenderos Comunitarios de Organizaciones de la Sociedad Civil (RENACOM), se les aplicar\u00e1 un cuadro tarifario equivalente al cincuenta por ciento (50%) del cuadro tarifario pleno vigente establecido por el ENARGAS.<\/span><\/span><\/span><\/li>\n<\/ul>\n<\/li>\n<li class=\"western\" lang=\"es-ES\"><span style=\"font-family: Trebuchet MS, serif;\"><span style=\"font-size: medium;\">El proceso de inscripci\u00f3n y otorgamiento del beneficio del 50% de subsidio, es completamente ajeno a COOPELCAR. Para mayor informaci\u00f3n, sugerimos visitar los siguientes sitios\u00a0web:\u00a0<\/span><\/span><a href=\"http:\/\/www.enargas.gob.ar\/\"><span style=\"color: #337ab7;\"><span style=\"font-family: Trebuchet MS, serif;\"><span style=\"font-size: medium;\">www.enargas.gob.ar<\/span><\/span><\/span><\/a><span style=\"color: #5a5a5a;\"><span style=\"font-family: Trebuchet MS, serif;\"><span style=\"font-size: medium;\">\u00a0o\u00a0<\/span><\/span><\/span><a href=\"http:\/\/www.anses.gob.ar\/\"><span style=\"color: #337ab7;\"><span style=\"font-family: Trebuchet MS, serif;\"><span style=\"font-size: medium;\">www.anses.gob.ar<\/span><\/span><\/span><\/a><span style=\"color: #5a5a5a;\"><span style=\"font-family: Trebuchet MS, serif;\"><span style=\"font-size: medium;\">\u00a0\u00a0<\/span><\/span><\/span><\/li>\n<\/ol>\n<p class=\"western\" lang=\"es-ES\" align=\"justify\"><strong><span style=\"color: #5a5a5a;\"><span style=\"font-family: Trebuchet MS, serif;\"><span style=\"font-size: medium;\"><u>Nota<\/u><\/span><\/span><\/span><\/strong><span style=\"color: #5a5a5a;\"><span style=\"font-family: Trebuchet MS, serif;\"><span style=\"font-size: medium;\">: La tarifa diferencial establecida en la presente Ley no excluye los beneficios otorgados por otras normas.<\/span><\/span><\/span><\/p>\n","protected":false},"excerpt":{"rendered":"<p>\u00bfQue establece la nueva Ley? \u00a0Prorroga el plazo de vigencia de lo establecido en el art\u00edculo 75 de la ley 25.565 hasta el 31 de diciembre de 2031. El Articulo N\u00b0 75 Ley 25.565 establece la creaci\u00f3n del Fondo Fiduciario para Subsidios de Consumos Residenciales de Gas, con el objeto de financiar: a) las compensaciones &#8230; <a title=\"Ley N\u00b027.637 &#8211; R\u00e9gimen de Zona Fr\u00eda\" class=\"read-more\" href=\"https:\/\/coopelcar.com.ar\/NewSite\/index.php\/gas-2\/ley-n27-637-regimen-de-zona-fria\/\">Read more&#8230;<\/a><\/p>\n","protected":false},"author":1,"featured_media":0,"parent":212,"menu_order":0,"comment_status":"closed","ping_status":"closed","template":"","meta":{"footnotes":""},"class_list":["post-3029","page","type-page","status-publish"],"_links":{"self":[{"href":"https:\/\/coopelcar.com.ar\/NewSite\/index.php\/wp-json\/wp\/v2\/pages\/3029"}],"collection":[{"href":"https:\/\/coopelcar.com.ar\/NewSite\/index.php\/wp-json\/wp\/v2\/pages"}],"about":[{"href":"https:\/\/coopelcar.com.ar\/NewSite\/index.php\/wp-json\/wp\/v2\/types\/page"}],"author":[{"embeddable":true,"href":"https:\/\/coopelcar.com.ar\/NewSite\/index.php\/wp-json\/wp\/v2\/users\/1"}],"replies":[{"embeddable":true,"href":"https:\/\/coopelcar.com.ar\/NewSite\/index.php\/wp-json\/wp\/v2\/comments?post=3029"}],"version-history":[{"count":4,"href":"https:\/\/coopelcar.com.ar\/NewSite\/index.php\/wp-json\/wp\/v2\/pages\/3029\/revisions"}],"predecessor-version":[{"id":3050,"href":"https:\/\/coopelcar.com.ar\/NewSite\/index.php\/wp-json\/wp\/v2\/pages\/3029\/revisions\/3050"}],"up":[{"embeddable":true,"href":"https:\/\/coopelcar.com.ar\/NewSite\/index.php\/wp-json\/wp\/v2\/pages\/212"}],"wp:attachment":[{"href":"https:\/\/coopelcar.com.ar\/NewSite\/index.php\/wp-json\/wp\/v2\/media?parent=3029"}],"curies":[{"name":"wp","href":"https:\/\/api.w.org\/{rel}","templated":true}]}}